{"id":2408,"date":"2022-07-03T16:01:13","date_gmt":"2022-07-03T16:01:13","guid":{"rendered":"https:\/\/stomatologia-precyzja.pl\/?page_id=2408"},"modified":"2024-06-12T09:08:19","modified_gmt":"2024-06-12T09:08:19","slug":"wplyw-na-srodowisko","status":"publish","type":"page","link":"https:\/\/stomatologia-precyzja.pl\/?page_id=2408","title":{"rendered":"Wp\u0142yw na \u015brodowisko"},"content":{"rendered":"","protected":false},"excerpt":{"rendered":"","protected":false},"author":1,"featured_media":0,"parent":0,"menu_order":100,"comment_status":"closed","ping_status":"closed","template":"","meta":{"footnotes":""},"yoast_head":"<!-- This site is optimized with the Yoast SEO plugin v24.5 - https:\/\/yoast.com\/wordpress\/plugins\/seo\/ -->\n<title>Monika i Piotr Ceynowa Stomatologia Precyzja | Dentysta Mikroskop Kielce<\/title>\n<meta name=\"description\" content=\"Pracuj\u0105c pod mikroskopem mo\u017cemy uratowa\u0107 du\u017co wi\u0119cej z\u0119b\u00f3w. Leczenie jest bardziej precyzyjne | Wi\u0119cej widz\u0119 - wi\u0119cej mog\u0119 | Dentysta Mikroskop Kielce\" \/>\n<meta name=\"robots\" content=\"index, follow, max-snippet:-1, max-image-preview:large, max-video-preview:-1\" \/>\n<link rel=\"canonical\" href=\"https:\/\/stomatologia-precyzja.pl\/?page_id=2408\" \/>\n<meta property=\"og:locale\" content=\"pl_PL\" \/>\n<meta property=\"og:type\" content=\"article\" \/>\n<meta property=\"og:title\" content=\"Monika i Piotr Ceynowa Stomatologia Precyzja | Dentysta Mikroskop Kielce\" \/>\n<meta property=\"og:description\" content=\"Pracuj\u0105c pod mikroskopem mo\u017cemy uratowa\u0107 du\u017co wi\u0119cej z\u0119b\u00f3w. Leczenie jest bardziej precyzyjne | Wi\u0119cej widz\u0119 - wi\u0119cej mog\u0119 | Dentysta Mikroskop Kielce\" \/>\n<meta property=\"og:url\" content=\"https:\/\/stomatologia-precyzja.pl\/?page_id=2408\" \/>\n<meta property=\"og:site_name\" content=\"Stomatologia Precyzja\" \/>\n<meta property=\"article:modified_time\" content=\"2024-06-12T09:08:19+00:00\" \/>\n<meta name=\"twitter:card\" content=\"summary_large_image\" \/>\n<script type=\"application\/ld+json\" class=\"yoast-schema-graph\">{\"@context\":\"https:\/\/schema.org\",\"@graph\":[{\"@type\":\"WebPage\",\"@id\":\"https:\/\/stomatologia-precyzja.pl\/?page_id=2408\",\"url\":\"https:\/\/stomatologia-precyzja.pl\/?page_id=2408\",\"name\":\"Monika i Piotr Ceynowa Stomatologia Precyzja | Dentysta Mikroskop Kielce\",\"isPartOf\":{\"@id\":\"https:\/\/stomatologia-precyzja.pl\/#website\"},\"datePublished\":\"2022-07-03T16:01:13+00:00\",\"dateModified\":\"2024-06-12T09:08:19+00:00\",\"description\":\"Pracuj\u0105c pod mikroskopem mo\u017cemy uratowa\u0107 du\u017co wi\u0119cej z\u0119b\u00f3w. Leczenie jest bardziej precyzyjne | Wi\u0119cej widz\u0119 - wi\u0119cej mog\u0119 | Dentysta Mikroskop Kielce\",\"breadcrumb\":{\"@id\":\"https:\/\/stomatologia-precyzja.pl\/?page_id=2408#breadcrumb\"},\"inLanguage\":\"pl-PL\",\"potentialAction\":[{\"@type\":\"ReadAction\",\"target\":[\"https:\/\/stomatologia-precyzja.pl\/?page_id=2408\"]}]},{\"@type\":\"BreadcrumbList\",\"@id\":\"https:\/\/stomatologia-precyzja.pl\/?page_id=2408#breadcrumb\",\"itemListElement\":[{\"@type\":\"ListItem\",\"position\":1,\"name\":\"Strona g\u0142\u00f3wna\",\"item\":\"https:\/\/stomatologia-precyzja.pl\/\"},{\"@type\":\"ListItem\",\"position\":2,\"name\":\"Wp\u0142yw na \u015brodowisko\"}]},{\"@type\":\"WebSite\",\"@id\":\"https:\/\/stomatologia-precyzja.pl\/#website\",\"url\":\"https:\/\/stomatologia-precyzja.pl\/\",\"name\":\"Stomatologia Precyzja\",\"description\":\"Piotr i Monika Ceynowa\",\"potentialAction\":[{\"@type\":\"SearchAction\",\"target\":{\"@type\":\"EntryPoint\",\"urlTemplate\":\"https:\/\/stomatologia-precyzja.pl\/?s={search_term_string}\"},\"query-input\":{\"@type\":\"PropertyValueSpecification\",\"valueRequired\":true,\"valueName\":\"search_term_string\"}}],\"inLanguage\":\"pl-PL\"}]}<\/script>\n<!-- \/ Yoast SEO plugin. -->","yoast_head_json":{"title":"Monika i Piotr Ceynowa Stomatologia Precyzja | Dentysta Mikroskop Kielce","description":"Pracuj\u0105c pod mikroskopem mo\u017cemy uratowa\u0107 du\u017co wi\u0119cej z\u0119b\u00f3w. Leczenie jest bardziej precyzyjne | Wi\u0119cej widz\u0119 - wi\u0119cej mog\u0119 | Dentysta Mikroskop Kielce","robots":{"index":"index","follow":"follow","max-snippet":"max-snippet:-1","max-image-preview":"max-image-preview:large","max-video-preview":"max-video-preview:-1"},"canonical":"https:\/\/stomatologia-precyzja.pl\/?page_id=2408","og_locale":"pl_PL","og_type":"article","og_title":"Monika i Piotr Ceynowa Stomatologia Precyzja | Dentysta Mikroskop Kielce","og_description":"Pracuj\u0105c pod mikroskopem mo\u017cemy uratowa\u0107 du\u017co wi\u0119cej z\u0119b\u00f3w. Leczenie jest bardziej precyzyjne | Wi\u0119cej widz\u0119 - wi\u0119cej mog\u0119 | Dentysta Mikroskop Kielce","og_url":"https:\/\/stomatologia-precyzja.pl\/?page_id=2408","og_site_name":"Stomatologia Precyzja","article_modified_time":"2024-06-12T09:08:19+00:00","twitter_card":"summary_large_image","schema":{"@context":"https:\/\/schema.org","@graph":[{"@type":"WebPage","@id":"https:\/\/stomatologia-precyzja.pl\/?page_id=2408","url":"https:\/\/stomatologia-precyzja.pl\/?page_id=2408","name":"Monika i Piotr Ceynowa Stomatologia Precyzja | Dentysta Mikroskop Kielce","isPartOf":{"@id":"https:\/\/stomatologia-precyzja.pl\/#website"},"datePublished":"2022-07-03T16:01:13+00:00","dateModified":"2024-06-12T09:08:19+00:00","description":"Pracuj\u0105c pod mikroskopem mo\u017cemy uratowa\u0107 du\u017co wi\u0119cej z\u0119b\u00f3w. Leczenie jest bardziej precyzyjne | Wi\u0119cej widz\u0119 - wi\u0119cej mog\u0119 | Dentysta Mikroskop Kielce","breadcrumb":{"@id":"https:\/\/stomatologia-precyzja.pl\/?page_id=2408#breadcrumb"},"inLanguage":"pl-PL","potentialAction":[{"@type":"ReadAction","target":["https:\/\/stomatologia-precyzja.pl\/?page_id=2408"]}]},{"@type":"BreadcrumbList","@id":"https:\/\/stomatologia-precyzja.pl\/?page_id=2408#breadcrumb","itemListElement":[{"@type":"ListItem","position":1,"name":"Strona g\u0142\u00f3wna","item":"https:\/\/stomatologia-precyzja.pl\/"},{"@type":"ListItem","position":2,"name":"Wp\u0142yw na \u015brodowisko"}]},{"@type":"WebSite","@id":"https:\/\/stomatologia-precyzja.pl\/#website","url":"https:\/\/stomatologia-precyzja.pl\/","name":"Stomatologia Precyzja","description":"Piotr i Monika Ceynowa","potentialAction":[{"@type":"SearchAction","target":{"@type":"EntryPoint","urlTemplate":"https:\/\/stomatologia-precyzja.pl\/?s={search_term_string}"},"query-input":{"@type":"PropertyValueSpecification","valueRequired":true,"valueName":"search_term_string"}}],"inLanguage":"pl-PL"}]}},"_links":{"self":[{"href":"https:\/\/stomatologia-precyzja.pl\/index.php?rest_route=\/wp\/v2\/pages\/2408"}],"collection":[{"href":"https:\/\/stomatologia-precyzja.pl\/index.php?rest_route=\/wp\/v2\/pages"}],"about":[{"href":"https:\/\/stomatologia-precyzja.pl\/index.php?rest_route=\/wp\/v2\/types\/page"}],"author":[{"embeddable":true,"href":"https:\/\/stomatologia-precyzja.pl\/index.php?rest_route=\/wp\/v2\/users\/1"}],"replies":[{"embeddable":true,"href":"https:\/\/stomatologia-precyzja.pl\/index.php?rest_route=%2Fwp%2Fv2%2Fcomments&post=2408"}],"version-history":[{"count":5,"href":"https:\/\/stomatologia-precyzja.pl\/index.php?rest_route=\/wp\/v2\/pages\/2408\/revisions"}],"predecessor-version":[{"id":2446,"href":"https:\/\/stomatologia-precyzja.pl\/index.php?rest_route=\/wp\/v2\/pages\/2408\/revisions\/2446"}],"wp:attachment":[{"href":"https:\/\/stomatologia-precyzja.pl\/index.php?rest_route=%2Fwp%2Fv2%2Fmedia&parent=2408"}],"curies":[{"name":"wp","href":"https:\/\/api.w.org\/{rel}","templated":true}]}}