{"id":2125,"date":"2016-10-19T08:59:54","date_gmt":"2016-10-19T08:59:54","guid":{"rendered":"http:\/\/stomatologia-precyzja.pl\/?page_id=2125"},"modified":"2023-07-27T11:46:31","modified_gmt":"2023-07-27T11:46:31","slug":"monika-ceynowa","status":"publish","type":"page","link":"https:\/\/stomatologia-precyzja.pl\/?page_id=2125","title":{"rendered":"Monika Ceynowa"},"content":{"rendered":"","protected":false},"excerpt":{"rendered":"","protected":false},"author":1,"featured_media":0,"parent":1647,"menu_order":1,"comment_status":"closed","ping_status":"closed","template":"","meta":{"footnotes":""},"yoast_head":"<!-- This site is optimized with the Yoast SEO plugin v24.5 - https:\/\/yoast.com\/wordpress\/plugins\/seo\/ -->\n<title>Stomatologia Precyzja - Monika Ceynowa | ortodoncja Kielce<\/title>\n<meta name=\"description\" content=\"Od wielu lat pog\u0142\u0119biam swoj\u0105 wiedz\u0119 na licznych kursach krajowych i zagranicznych g\u0142\u00f3wnie z dziedziny ortodoncji | ortodoncja Kielce\" \/>\n<meta name=\"robots\" content=\"index, follow, max-snippet:-1, max-image-preview:large, max-video-preview:-1\" \/>\n<link rel=\"canonical\" href=\"https:\/\/stomatologia-precyzja.pl\/?page_id=2125\" \/>\n<meta property=\"og:locale\" content=\"pl_PL\" \/>\n<meta property=\"og:type\" content=\"article\" \/>\n<meta property=\"og:title\" content=\"Stomatologia Precyzja - Monika Ceynowa | ortodoncja Kielce\" \/>\n<meta property=\"og:description\" content=\"Od wielu lat pog\u0142\u0119biam swoj\u0105 wiedz\u0119 na licznych kursach krajowych i zagranicznych g\u0142\u00f3wnie z dziedziny ortodoncji | ortodoncja Kielce\" \/>\n<meta property=\"og:url\" content=\"https:\/\/stomatologia-precyzja.pl\/?page_id=2125\" \/>\n<meta property=\"og:site_name\" content=\"Stomatologia Precyzja\" \/>\n<meta property=\"article:modified_time\" content=\"2023-07-27T11:46:31+00:00\" \/>\n<meta name=\"twitter:card\" content=\"summary_large_image\" \/>\n<script type=\"application\/ld+json\" class=\"yoast-schema-graph\">{\"@context\":\"https:\/\/schema.org\",\"@graph\":[{\"@type\":\"WebPage\",\"@id\":\"https:\/\/stomatologia-precyzja.pl\/?page_id=2125\",\"url\":\"https:\/\/stomatologia-precyzja.pl\/?page_id=2125\",\"name\":\"Stomatologia Precyzja - Monika Ceynowa | ortodoncja Kielce\",\"isPartOf\":{\"@id\":\"https:\/\/stomatologia-precyzja.pl\/#website\"},\"datePublished\":\"2016-10-19T08:59:54+00:00\",\"dateModified\":\"2023-07-27T11:46:31+00:00\",\"description\":\"Od wielu lat pog\u0142\u0119biam swoj\u0105 wiedz\u0119 na licznych kursach krajowych i zagranicznych g\u0142\u00f3wnie z dziedziny ortodoncji | ortodoncja Kielce\",\"breadcrumb\":{\"@id\":\"https:\/\/stomatologia-precyzja.pl\/?page_id=2125#breadcrumb\"},\"inLanguage\":\"pl-PL\",\"potentialAction\":[{\"@type\":\"ReadAction\",\"target\":[\"https:\/\/stomatologia-precyzja.pl\/?page_id=2125\"]}]},{\"@type\":\"BreadcrumbList\",\"@id\":\"https:\/\/stomatologia-precyzja.pl\/?page_id=2125#breadcrumb\",\"itemListElement\":[{\"@type\":\"ListItem\",\"position\":1,\"name\":\"Strona g\u0142\u00f3wna\",\"item\":\"https:\/\/stomatologia-precyzja.pl\/\"},{\"@type\":\"ListItem\",\"position\":2,\"name\":\"Poznaj nas\",\"item\":\"https:\/\/stomatologia-precyzja.pl\/?page_id=1643\"},{\"@type\":\"ListItem\",\"position\":3,\"name\":\"Nasze certyfikaty\",\"item\":\"https:\/\/stomatologia-precyzja.pl\/?page_id=1647\"},{\"@type\":\"ListItem\",\"position\":4,\"name\":\"Monika Ceynowa\"}]},{\"@type\":\"WebSite\",\"@id\":\"https:\/\/stomatologia-precyzja.pl\/#website\",\"url\":\"https:\/\/stomatologia-precyzja.pl\/\",\"name\":\"Stomatologia Precyzja\",\"description\":\"Piotr i Monika Ceynowa\",\"potentialAction\":[{\"@type\":\"SearchAction\",\"target\":{\"@type\":\"EntryPoint\",\"urlTemplate\":\"https:\/\/stomatologia-precyzja.pl\/?s={search_term_string}\"},\"query-input\":{\"@type\":\"PropertyValueSpecification\",\"valueRequired\":true,\"valueName\":\"search_term_string\"}}],\"inLanguage\":\"pl-PL\"}]}<\/script>\n<!-- \/ Yoast SEO plugin. -->","yoast_head_json":{"title":"Stomatologia Precyzja - Monika Ceynowa | ortodoncja Kielce","description":"Od wielu lat pog\u0142\u0119biam swoj\u0105 wiedz\u0119 na licznych kursach krajowych i zagranicznych g\u0142\u00f3wnie z dziedziny ortodoncji | ortodoncja Kielce","robots":{"index":"index","follow":"follow","max-snippet":"max-snippet:-1","max-image-preview":"max-image-preview:large","max-video-preview":"max-video-preview:-1"},"canonical":"https:\/\/stomatologia-precyzja.pl\/?page_id=2125","og_locale":"pl_PL","og_type":"article","og_title":"Stomatologia Precyzja - Monika Ceynowa | ortodoncja Kielce","og_description":"Od wielu lat pog\u0142\u0119biam swoj\u0105 wiedz\u0119 na licznych kursach krajowych i zagranicznych g\u0142\u00f3wnie z dziedziny ortodoncji | ortodoncja Kielce","og_url":"https:\/\/stomatologia-precyzja.pl\/?page_id=2125","og_site_name":"Stomatologia Precyzja","article_modified_time":"2023-07-27T11:46:31+00:00","twitter_card":"summary_large_image","schema":{"@context":"https:\/\/schema.org","@graph":[{"@type":"WebPage","@id":"https:\/\/stomatologia-precyzja.pl\/?page_id=2125","url":"https:\/\/stomatologia-precyzja.pl\/?page_id=2125","name":"Stomatologia Precyzja - Monika Ceynowa | ortodoncja Kielce","isPartOf":{"@id":"https:\/\/stomatologia-precyzja.pl\/#website"},"datePublished":"2016-10-19T08:59:54+00:00","dateModified":"2023-07-27T11:46:31+00:00","description":"Od wielu lat pog\u0142\u0119biam swoj\u0105 wiedz\u0119 na licznych kursach krajowych i zagranicznych g\u0142\u00f3wnie z dziedziny ortodoncji | ortodoncja Kielce","breadcrumb":{"@id":"https:\/\/stomatologia-precyzja.pl\/?page_id=2125#breadcrumb"},"inLanguage":"pl-PL","potentialAction":[{"@type":"ReadAction","target":["https:\/\/stomatologia-precyzja.pl\/?page_id=2125"]}]},{"@type":"BreadcrumbList","@id":"https:\/\/stomatologia-precyzja.pl\/?page_id=2125#breadcrumb","itemListElement":[{"@type":"ListItem","position":1,"name":"Strona g\u0142\u00f3wna","item":"https:\/\/stomatologia-precyzja.pl\/"},{"@type":"ListItem","position":2,"name":"Poznaj nas","item":"https:\/\/stomatologia-precyzja.pl\/?page_id=1643"},{"@type":"ListItem","position":3,"name":"Nasze certyfikaty","item":"https:\/\/stomatologia-precyzja.pl\/?page_id=1647"},{"@type":"ListItem","position":4,"name":"Monika Ceynowa"}]},{"@type":"WebSite","@id":"https:\/\/stomatologia-precyzja.pl\/#website","url":"https:\/\/stomatologia-precyzja.pl\/","name":"Stomatologia Precyzja","description":"Piotr i Monika Ceynowa","potentialAction":[{"@type":"SearchAction","target":{"@type":"EntryPoint","urlTemplate":"https:\/\/stomatologia-precyzja.pl\/?s={search_term_string}"},"query-input":{"@type":"PropertyValueSpecification","valueRequired":true,"valueName":"search_term_string"}}],"inLanguage":"pl-PL"}]}},"_links":{"self":[{"href":"https:\/\/stomatologia-precyzja.pl\/index.php?rest_route=\/wp\/v2\/pages\/2125"}],"collection":[{"href":"https:\/\/stomatologia-precyzja.pl\/index.php?rest_route=\/wp\/v2\/pages"}],"about":[{"href":"https:\/\/stomatologia-precyzja.pl\/index.php?rest_route=\/wp\/v2\/types\/page"}],"author":[{"embeddable":true,"href":"https:\/\/stomatologia-precyzja.pl\/index.php?rest_route=\/wp\/v2\/users\/1"}],"replies":[{"embeddable":true,"href":"https:\/\/stomatologia-precyzja.pl\/index.php?rest_route=%2Fwp%2Fv2%2Fcomments&post=2125"}],"version-history":[{"count":5,"href":"https:\/\/stomatologia-precyzja.pl\/index.php?rest_route=\/wp\/v2\/pages\/2125\/revisions"}],"predecessor-version":[{"id":2434,"href":"https:\/\/stomatologia-precyzja.pl\/index.php?rest_route=\/wp\/v2\/pages\/2125\/revisions\/2434"}],"up":[{"embeddable":true,"href":"https:\/\/stomatologia-precyzja.pl\/index.php?rest_route=\/wp\/v2\/pages\/1647"}],"wp:attachment":[{"href":"https:\/\/stomatologia-precyzja.pl\/index.php?rest_route=%2Fwp%2Fv2%2Fmedia&parent=2125"}],"curies":[{"name":"wp","href":"https:\/\/api.w.org\/{rel}","templated":true}]}}