{"id":2080,"date":"2016-10-18T15:32:41","date_gmt":"2016-10-18T15:32:41","guid":{"rendered":"http:\/\/stomatologia-precyzja.pl\/?page_id=2080"},"modified":"2019-10-12T19:25:13","modified_gmt":"2019-10-12T19:25:13","slug":"walczymy-o-kazdy-zab","status":"publish","type":"page","link":"https:\/\/stomatologia-precyzja.pl\/?page_id=2080","title":{"rendered":"Walczymy o ka\u017cdy z\u0105b"},"content":{"rendered":"","protected":false},"excerpt":{"rendered":"","protected":false},"author":1,"featured_media":0,"parent":1649,"menu_order":2,"comment_status":"closed","ping_status":"closed","template":"","meta":{"footnotes":""},"yoast_head":"<!-- This site is optimized with the Yoast SEO plugin v24.5 - https:\/\/yoast.com\/wordpress\/plugins\/seo\/ -->\n<title>Walczymy o ka\u017cdy z\u0105b - ratowanie z\u0119b\u00f3w | Stomatolog Dentysta Kielce<\/title>\n<meta name=\"description\" content=\"Ratowanie z\u0119b\u00f3w zawsze si\u0119 op\u0142aca. Wsp\u00f3\u0142czesna endodoncja pozwala na skuteczn\u0105 walk\u0119 o ka\u017cdy z\u0105b. Naszym przewodnim celem jest \u201eWalczy\u0107 o ka\u017cdy z\u0105b\u201d.\" \/>\n<meta name=\"robots\" content=\"index, follow, max-snippet:-1, max-image-preview:large, max-video-preview:-1\" \/>\n<link rel=\"canonical\" href=\"https:\/\/stomatologia-precyzja.pl\/?page_id=2080\" \/>\n<meta property=\"og:locale\" content=\"pl_PL\" \/>\n<meta property=\"og:type\" content=\"article\" \/>\n<meta property=\"og:title\" content=\"Walczymy o ka\u017cdy z\u0105b - ratowanie z\u0119b\u00f3w | Stomatolog Dentysta Kielce\" \/>\n<meta property=\"og:description\" content=\"Ratowanie z\u0119b\u00f3w zawsze si\u0119 op\u0142aca. Wsp\u00f3\u0142czesna endodoncja pozwala na skuteczn\u0105 walk\u0119 o ka\u017cdy z\u0105b. Naszym przewodnim celem jest \u201eWalczy\u0107 o ka\u017cdy z\u0105b\u201d.\" \/>\n<meta property=\"og:url\" content=\"https:\/\/stomatologia-precyzja.pl\/?page_id=2080\" \/>\n<meta property=\"og:site_name\" content=\"Stomatologia Precyzja\" \/>\n<meta property=\"article:modified_time\" content=\"2019-10-12T19:25:13+00:00\" \/>\n<meta name=\"twitter:card\" content=\"summary_large_image\" \/>\n<script type=\"application\/ld+json\" class=\"yoast-schema-graph\">{\"@context\":\"https:\/\/schema.org\",\"@graph\":[{\"@type\":\"WebPage\",\"@id\":\"https:\/\/stomatologia-precyzja.pl\/?page_id=2080\",\"url\":\"https:\/\/stomatologia-precyzja.pl\/?page_id=2080\",\"name\":\"Walczymy o ka\u017cdy z\u0105b - ratowanie z\u0119b\u00f3w | Stomatolog Dentysta Kielce\",\"isPartOf\":{\"@id\":\"https:\/\/stomatologia-precyzja.pl\/#website\"},\"datePublished\":\"2016-10-18T15:32:41+00:00\",\"dateModified\":\"2019-10-12T19:25:13+00:00\",\"description\":\"Ratowanie z\u0119b\u00f3w zawsze si\u0119 op\u0142aca. Wsp\u00f3\u0142czesna endodoncja pozwala na skuteczn\u0105 walk\u0119 o ka\u017cdy z\u0105b. Naszym przewodnim celem jest \u201eWalczy\u0107 o ka\u017cdy z\u0105b\u201d.\",\"breadcrumb\":{\"@id\":\"https:\/\/stomatologia-precyzja.pl\/?page_id=2080#breadcrumb\"},\"inLanguage\":\"pl-PL\",\"potentialAction\":[{\"@type\":\"ReadAction\",\"target\":[\"https:\/\/stomatologia-precyzja.pl\/?page_id=2080\"]}]},{\"@type\":\"BreadcrumbList\",\"@id\":\"https:\/\/stomatologia-precyzja.pl\/?page_id=2080#breadcrumb\",\"itemListElement\":[{\"@type\":\"ListItem\",\"position\":1,\"name\":\"Strona g\u0142\u00f3wna\",\"item\":\"https:\/\/stomatologia-precyzja.pl\/\"},{\"@type\":\"ListItem\",\"position\":2,\"name\":\"Zakres us\u0142ug\",\"item\":\"https:\/\/stomatologia-precyzja.pl\/?page_id=1649\"},{\"@type\":\"ListItem\",\"position\":3,\"name\":\"Walczymy o ka\u017cdy z\u0105b\"}]},{\"@type\":\"WebSite\",\"@id\":\"https:\/\/stomatologia-precyzja.pl\/#website\",\"url\":\"https:\/\/stomatologia-precyzja.pl\/\",\"name\":\"Stomatologia Precyzja\",\"description\":\"Piotr i Monika Ceynowa\",\"potentialAction\":[{\"@type\":\"SearchAction\",\"target\":{\"@type\":\"EntryPoint\",\"urlTemplate\":\"https:\/\/stomatologia-precyzja.pl\/?s={search_term_string}\"},\"query-input\":{\"@type\":\"PropertyValueSpecification\",\"valueRequired\":true,\"valueName\":\"search_term_string\"}}],\"inLanguage\":\"pl-PL\"}]}<\/script>\n<!-- \/ Yoast SEO plugin. -->","yoast_head_json":{"title":"Walczymy o ka\u017cdy z\u0105b - ratowanie z\u0119b\u00f3w | Stomatolog Dentysta Kielce","description":"Ratowanie z\u0119b\u00f3w zawsze si\u0119 op\u0142aca. Wsp\u00f3\u0142czesna endodoncja pozwala na skuteczn\u0105 walk\u0119 o ka\u017cdy z\u0105b. Naszym przewodnim celem jest \u201eWalczy\u0107 o ka\u017cdy z\u0105b\u201d.","robots":{"index":"index","follow":"follow","max-snippet":"max-snippet:-1","max-image-preview":"max-image-preview:large","max-video-preview":"max-video-preview:-1"},"canonical":"https:\/\/stomatologia-precyzja.pl\/?page_id=2080","og_locale":"pl_PL","og_type":"article","og_title":"Walczymy o ka\u017cdy z\u0105b - ratowanie z\u0119b\u00f3w | Stomatolog Dentysta Kielce","og_description":"Ratowanie z\u0119b\u00f3w zawsze si\u0119 op\u0142aca. Wsp\u00f3\u0142czesna endodoncja pozwala na skuteczn\u0105 walk\u0119 o ka\u017cdy z\u0105b. Naszym przewodnim celem jest \u201eWalczy\u0107 o ka\u017cdy z\u0105b\u201d.","og_url":"https:\/\/stomatologia-precyzja.pl\/?page_id=2080","og_site_name":"Stomatologia Precyzja","article_modified_time":"2019-10-12T19:25:13+00:00","twitter_card":"summary_large_image","schema":{"@context":"https:\/\/schema.org","@graph":[{"@type":"WebPage","@id":"https:\/\/stomatologia-precyzja.pl\/?page_id=2080","url":"https:\/\/stomatologia-precyzja.pl\/?page_id=2080","name":"Walczymy o ka\u017cdy z\u0105b - ratowanie z\u0119b\u00f3w | Stomatolog Dentysta Kielce","isPartOf":{"@id":"https:\/\/stomatologia-precyzja.pl\/#website"},"datePublished":"2016-10-18T15:32:41+00:00","dateModified":"2019-10-12T19:25:13+00:00","description":"Ratowanie z\u0119b\u00f3w zawsze si\u0119 op\u0142aca. Wsp\u00f3\u0142czesna endodoncja pozwala na skuteczn\u0105 walk\u0119 o ka\u017cdy z\u0105b. Naszym przewodnim celem jest \u201eWalczy\u0107 o ka\u017cdy z\u0105b\u201d.","breadcrumb":{"@id":"https:\/\/stomatologia-precyzja.pl\/?page_id=2080#breadcrumb"},"inLanguage":"pl-PL","potentialAction":[{"@type":"ReadAction","target":["https:\/\/stomatologia-precyzja.pl\/?page_id=2080"]}]},{"@type":"BreadcrumbList","@id":"https:\/\/stomatologia-precyzja.pl\/?page_id=2080#breadcrumb","itemListElement":[{"@type":"ListItem","position":1,"name":"Strona g\u0142\u00f3wna","item":"https:\/\/stomatologia-precyzja.pl\/"},{"@type":"ListItem","position":2,"name":"Zakres us\u0142ug","item":"https:\/\/stomatologia-precyzja.pl\/?page_id=1649"},{"@type":"ListItem","position":3,"name":"Walczymy o ka\u017cdy z\u0105b"}]},{"@type":"WebSite","@id":"https:\/\/stomatologia-precyzja.pl\/#website","url":"https:\/\/stomatologia-precyzja.pl\/","name":"Stomatologia Precyzja","description":"Piotr i Monika Ceynowa","potentialAction":[{"@type":"SearchAction","target":{"@type":"EntryPoint","urlTemplate":"https:\/\/stomatologia-precyzja.pl\/?s={search_term_string}"},"query-input":{"@type":"PropertyValueSpecification","valueRequired":true,"valueName":"search_term_string"}}],"inLanguage":"pl-PL"}]}},"_links":{"self":[{"href":"https:\/\/stomatologia-precyzja.pl\/index.php?rest_route=\/wp\/v2\/pages\/2080"}],"collection":[{"href":"https:\/\/stomatologia-precyzja.pl\/index.php?rest_route=\/wp\/v2\/pages"}],"about":[{"href":"https:\/\/stomatologia-precyzja.pl\/index.php?rest_route=\/wp\/v2\/types\/page"}],"author":[{"embeddable":true,"href":"https:\/\/stomatologia-precyzja.pl\/index.php?rest_route=\/wp\/v2\/users\/1"}],"replies":[{"embeddable":true,"href":"https:\/\/stomatologia-precyzja.pl\/index.php?rest_route=%2Fwp%2Fv2%2Fcomments&post=2080"}],"version-history":[{"count":5,"href":"https:\/\/stomatologia-precyzja.pl\/index.php?rest_route=\/wp\/v2\/pages\/2080\/revisions"}],"predecessor-version":[{"id":2387,"href":"https:\/\/stomatologia-precyzja.pl\/index.php?rest_route=\/wp\/v2\/pages\/2080\/revisions\/2387"}],"up":[{"embeddable":true,"href":"https:\/\/stomatologia-precyzja.pl\/index.php?rest_route=\/wp\/v2\/pages\/1649"}],"wp:attachment":[{"href":"https:\/\/stomatologia-precyzja.pl\/index.php?rest_route=%2Fwp%2Fv2%2Fmedia&parent=2080"}],"curies":[{"name":"wp","href":"https:\/\/api.w.org\/{rel}","templated":true}]}}