{"id":2043,"date":"2016-10-18T14:21:07","date_gmt":"2016-10-18T14:21:07","guid":{"rendered":"http:\/\/stomatologia-precyzja.pl\/?page_id=2043"},"modified":"2016-10-20T19:06:41","modified_gmt":"2016-10-20T19:06:41","slug":"wiecej-widze-wiecej-moge","status":"publish","type":"page","link":"https:\/\/stomatologia-precyzja.pl\/?page_id=2043","title":{"rendered":"Wi\u0119cej widz\u0119 wi\u0119cej mog\u0119"},"content":{"rendered":"","protected":false},"excerpt":{"rendered":"","protected":false},"author":1,"featured_media":0,"parent":1649,"menu_order":1,"comment_status":"closed","ping_status":"closed","template":"","meta":{"footnotes":""},"yoast_head":"<!-- This site is optimized with the Yoast SEO plugin v24.5 - https:\/\/yoast.com\/wordpress\/plugins\/seo\/ -->\n<title>Precyzja Stomatologia Mikroskopowa Kielce Piotr i Monika Ceynowa<\/title>\n<meta name=\"description\" content=\"Stomatologia mikroskopowa to wi\u0119ksze mo\u017cliwo\u015bci leczenia, a przez to zdecydowanie wi\u0119ksza ilo\u015b\u0107 uratowanych z\u0119b\u00f3w | Stomatologia mikroskopowa Kielce.\" \/>\n<meta name=\"robots\" content=\"index, follow, max-snippet:-1, max-image-preview:large, max-video-preview:-1\" \/>\n<link rel=\"canonical\" href=\"https:\/\/stomatologia-precyzja.pl\/?page_id=2043\" \/>\n<meta property=\"og:locale\" content=\"pl_PL\" \/>\n<meta property=\"og:type\" content=\"article\" \/>\n<meta property=\"og:title\" content=\"Precyzja Stomatologia Mikroskopowa Kielce Piotr i Monika Ceynowa\" \/>\n<meta property=\"og:description\" content=\"Stomatologia mikroskopowa to wi\u0119ksze mo\u017cliwo\u015bci leczenia, a przez to zdecydowanie wi\u0119ksza ilo\u015b\u0107 uratowanych z\u0119b\u00f3w | Stomatologia mikroskopowa Kielce.\" \/>\n<meta property=\"og:url\" content=\"https:\/\/stomatologia-precyzja.pl\/?page_id=2043\" \/>\n<meta property=\"og:site_name\" content=\"Stomatologia Precyzja\" \/>\n<meta property=\"article:modified_time\" content=\"2016-10-20T19:06:41+00:00\" \/>\n<meta name=\"twitter:card\" content=\"summary_large_image\" \/>\n<script type=\"application\/ld+json\" class=\"yoast-schema-graph\">{\"@context\":\"https:\/\/schema.org\",\"@graph\":[{\"@type\":\"WebPage\",\"@id\":\"https:\/\/stomatologia-precyzja.pl\/?page_id=2043\",\"url\":\"https:\/\/stomatologia-precyzja.pl\/?page_id=2043\",\"name\":\"Precyzja Stomatologia Mikroskopowa Kielce Piotr i Monika Ceynowa\",\"isPartOf\":{\"@id\":\"https:\/\/stomatologia-precyzja.pl\/#website\"},\"datePublished\":\"2016-10-18T14:21:07+00:00\",\"dateModified\":\"2016-10-20T19:06:41+00:00\",\"description\":\"Stomatologia mikroskopowa to wi\u0119ksze mo\u017cliwo\u015bci leczenia, a przez to zdecydowanie wi\u0119ksza ilo\u015b\u0107 uratowanych z\u0119b\u00f3w | Stomatologia mikroskopowa Kielce.\",\"breadcrumb\":{\"@id\":\"https:\/\/stomatologia-precyzja.pl\/?page_id=2043#breadcrumb\"},\"inLanguage\":\"pl-PL\",\"potentialAction\":[{\"@type\":\"ReadAction\",\"target\":[\"https:\/\/stomatologia-precyzja.pl\/?page_id=2043\"]}]},{\"@type\":\"BreadcrumbList\",\"@id\":\"https:\/\/stomatologia-precyzja.pl\/?page_id=2043#breadcrumb\",\"itemListElement\":[{\"@type\":\"ListItem\",\"position\":1,\"name\":\"Strona g\u0142\u00f3wna\",\"item\":\"https:\/\/stomatologia-precyzja.pl\/\"},{\"@type\":\"ListItem\",\"position\":2,\"name\":\"Zakres us\u0142ug\",\"item\":\"https:\/\/stomatologia-precyzja.pl\/?page_id=1649\"},{\"@type\":\"ListItem\",\"position\":3,\"name\":\"Wi\u0119cej widz\u0119 wi\u0119cej mog\u0119\"}]},{\"@type\":\"WebSite\",\"@id\":\"https:\/\/stomatologia-precyzja.pl\/#website\",\"url\":\"https:\/\/stomatologia-precyzja.pl\/\",\"name\":\"Stomatologia Precyzja\",\"description\":\"Piotr i Monika Ceynowa\",\"potentialAction\":[{\"@type\":\"SearchAction\",\"target\":{\"@type\":\"EntryPoint\",\"urlTemplate\":\"https:\/\/stomatologia-precyzja.pl\/?s={search_term_string}\"},\"query-input\":{\"@type\":\"PropertyValueSpecification\",\"valueRequired\":true,\"valueName\":\"search_term_string\"}}],\"inLanguage\":\"pl-PL\"}]}<\/script>\n<!-- \/ Yoast SEO plugin. -->","yoast_head_json":{"title":"Precyzja Stomatologia Mikroskopowa Kielce Piotr i Monika Ceynowa","description":"Stomatologia mikroskopowa to wi\u0119ksze mo\u017cliwo\u015bci leczenia, a przez to zdecydowanie wi\u0119ksza ilo\u015b\u0107 uratowanych z\u0119b\u00f3w | Stomatologia mikroskopowa Kielce.","robots":{"index":"index","follow":"follow","max-snippet":"max-snippet:-1","max-image-preview":"max-image-preview:large","max-video-preview":"max-video-preview:-1"},"canonical":"https:\/\/stomatologia-precyzja.pl\/?page_id=2043","og_locale":"pl_PL","og_type":"article","og_title":"Precyzja Stomatologia Mikroskopowa Kielce Piotr i Monika Ceynowa","og_description":"Stomatologia mikroskopowa to wi\u0119ksze mo\u017cliwo\u015bci leczenia, a przez to zdecydowanie wi\u0119ksza ilo\u015b\u0107 uratowanych z\u0119b\u00f3w | Stomatologia mikroskopowa Kielce.","og_url":"https:\/\/stomatologia-precyzja.pl\/?page_id=2043","og_site_name":"Stomatologia Precyzja","article_modified_time":"2016-10-20T19:06:41+00:00","twitter_card":"summary_large_image","schema":{"@context":"https:\/\/schema.org","@graph":[{"@type":"WebPage","@id":"https:\/\/stomatologia-precyzja.pl\/?page_id=2043","url":"https:\/\/stomatologia-precyzja.pl\/?page_id=2043","name":"Precyzja Stomatologia Mikroskopowa Kielce Piotr i Monika Ceynowa","isPartOf":{"@id":"https:\/\/stomatologia-precyzja.pl\/#website"},"datePublished":"2016-10-18T14:21:07+00:00","dateModified":"2016-10-20T19:06:41+00:00","description":"Stomatologia mikroskopowa to wi\u0119ksze mo\u017cliwo\u015bci leczenia, a przez to zdecydowanie wi\u0119ksza ilo\u015b\u0107 uratowanych z\u0119b\u00f3w | Stomatologia mikroskopowa Kielce.","breadcrumb":{"@id":"https:\/\/stomatologia-precyzja.pl\/?page_id=2043#breadcrumb"},"inLanguage":"pl-PL","potentialAction":[{"@type":"ReadAction","target":["https:\/\/stomatologia-precyzja.pl\/?page_id=2043"]}]},{"@type":"BreadcrumbList","@id":"https:\/\/stomatologia-precyzja.pl\/?page_id=2043#breadcrumb","itemListElement":[{"@type":"ListItem","position":1,"name":"Strona g\u0142\u00f3wna","item":"https:\/\/stomatologia-precyzja.pl\/"},{"@type":"ListItem","position":2,"name":"Zakres us\u0142ug","item":"https:\/\/stomatologia-precyzja.pl\/?page_id=1649"},{"@type":"ListItem","position":3,"name":"Wi\u0119cej widz\u0119 wi\u0119cej mog\u0119"}]},{"@type":"WebSite","@id":"https:\/\/stomatologia-precyzja.pl\/#website","url":"https:\/\/stomatologia-precyzja.pl\/","name":"Stomatologia Precyzja","description":"Piotr i Monika Ceynowa","potentialAction":[{"@type":"SearchAction","target":{"@type":"EntryPoint","urlTemplate":"https:\/\/stomatologia-precyzja.pl\/?s={search_term_string}"},"query-input":{"@type":"PropertyValueSpecification","valueRequired":true,"valueName":"search_term_string"}}],"inLanguage":"pl-PL"}]}},"_links":{"self":[{"href":"https:\/\/stomatologia-precyzja.pl\/index.php?rest_route=\/wp\/v2\/pages\/2043"}],"collection":[{"href":"https:\/\/stomatologia-precyzja.pl\/index.php?rest_route=\/wp\/v2\/pages"}],"about":[{"href":"https:\/\/stomatologia-precyzja.pl\/index.php?rest_route=\/wp\/v2\/types\/page"}],"author":[{"embeddable":true,"href":"https:\/\/stomatologia-precyzja.pl\/index.php?rest_route=\/wp\/v2\/users\/1"}],"replies":[{"embeddable":true,"href":"https:\/\/stomatologia-precyzja.pl\/index.php?rest_route=%2Fwp%2Fv2%2Fcomments&post=2043"}],"version-history":[{"count":5,"href":"https:\/\/stomatologia-precyzja.pl\/index.php?rest_route=\/wp\/v2\/pages\/2043\/revisions"}],"predecessor-version":[{"id":2347,"href":"https:\/\/stomatologia-precyzja.pl\/index.php?rest_route=\/wp\/v2\/pages\/2043\/revisions\/2347"}],"up":[{"embeddable":true,"href":"https:\/\/stomatologia-precyzja.pl\/index.php?rest_route=\/wp\/v2\/pages\/1649"}],"wp:attachment":[{"href":"https:\/\/stomatologia-precyzja.pl\/index.php?rest_route=%2Fwp%2Fv2%2Fmedia&parent=2043"}],"curies":[{"name":"wp","href":"https:\/\/api.w.org\/{rel}","templated":true}]}}