{"id":1649,"date":"2016-10-12T12:46:26","date_gmt":"2016-10-12T12:46:26","guid":{"rendered":"http:\/\/stomatologia-precyzja.pl\/?page_id=1649"},"modified":"2023-07-27T11:50:06","modified_gmt":"2023-07-27T11:50:06","slug":"zakres-uslug","status":"publish","type":"page","link":"https:\/\/stomatologia-precyzja.pl\/?page_id=1649","title":{"rendered":"Zakres us\u0142ug"},"content":{"rendered":"","protected":false},"excerpt":{"rendered":"","protected":false},"author":1,"featured_media":0,"parent":0,"menu_order":3,"comment_status":"closed","ping_status":"closed","template":"","meta":{"footnotes":""},"yoast_head":"<!-- This site is optimized with the Yoast SEO plugin v24.5 - https:\/\/yoast.com\/wordpress\/plugins\/seo\/ -->\n<title>Stomatologia Precyzja Kielce - zamykanie perforacji z\u0119ba<\/title>\n<meta name=\"description\" content=\"Perforacja z\u0119ba nie musi oznacza\u0107 najgorszego. Obecnie zamykanie perforacji z\u0119ba (dna komory, \u015bciany korzenia) jest zabiegiem z du\u017cym odsetkiem powodzenia.\" \/>\n<meta name=\"robots\" content=\"index, follow, max-snippet:-1, max-image-preview:large, max-video-preview:-1\" \/>\n<link rel=\"canonical\" href=\"https:\/\/stomatologia-precyzja.pl\/?page_id=1649\" \/>\n<meta property=\"og:locale\" content=\"pl_PL\" \/>\n<meta property=\"og:type\" content=\"article\" \/>\n<meta property=\"og:title\" content=\"Stomatologia Precyzja Kielce - zamykanie perforacji z\u0119ba\" \/>\n<meta property=\"og:description\" content=\"Perforacja z\u0119ba nie musi oznacza\u0107 najgorszego. Obecnie zamykanie perforacji z\u0119ba (dna komory, \u015bciany korzenia) jest zabiegiem z du\u017cym odsetkiem powodzenia.\" \/>\n<meta property=\"og:url\" content=\"https:\/\/stomatologia-precyzja.pl\/?page_id=1649\" \/>\n<meta property=\"og:site_name\" content=\"Stomatologia Precyzja\" \/>\n<meta property=\"article:modified_time\" content=\"2023-07-27T11:50:06+00:00\" \/>\n<meta name=\"twitter:card\" content=\"summary_large_image\" \/>\n<script type=\"application\/ld+json\" class=\"yoast-schema-graph\">{\"@context\":\"https:\/\/schema.org\",\"@graph\":[{\"@type\":\"WebPage\",\"@id\":\"https:\/\/stomatologia-precyzja.pl\/?page_id=1649\",\"url\":\"https:\/\/stomatologia-precyzja.pl\/?page_id=1649\",\"name\":\"Stomatologia Precyzja Kielce - zamykanie perforacji z\u0119ba\",\"isPartOf\":{\"@id\":\"https:\/\/stomatologia-precyzja.pl\/#website\"},\"datePublished\":\"2016-10-12T12:46:26+00:00\",\"dateModified\":\"2023-07-27T11:50:06+00:00\",\"description\":\"Perforacja z\u0119ba nie musi oznacza\u0107 najgorszego. Obecnie zamykanie perforacji z\u0119ba (dna komory, \u015bciany korzenia) jest zabiegiem z du\u017cym odsetkiem powodzenia.\",\"breadcrumb\":{\"@id\":\"https:\/\/stomatologia-precyzja.pl\/?page_id=1649#breadcrumb\"},\"inLanguage\":\"pl-PL\",\"potentialAction\":[{\"@type\":\"ReadAction\",\"target\":[\"https:\/\/stomatologia-precyzja.pl\/?page_id=1649\"]}]},{\"@type\":\"BreadcrumbList\",\"@id\":\"https:\/\/stomatologia-precyzja.pl\/?page_id=1649#breadcrumb\",\"itemListElement\":[{\"@type\":\"ListItem\",\"position\":1,\"name\":\"Strona g\u0142\u00f3wna\",\"item\":\"https:\/\/stomatologia-precyzja.pl\/\"},{\"@type\":\"ListItem\",\"position\":2,\"name\":\"Zakres us\u0142ug\"}]},{\"@type\":\"WebSite\",\"@id\":\"https:\/\/stomatologia-precyzja.pl\/#website\",\"url\":\"https:\/\/stomatologia-precyzja.pl\/\",\"name\":\"Stomatologia Precyzja\",\"description\":\"Piotr i Monika Ceynowa\",\"potentialAction\":[{\"@type\":\"SearchAction\",\"target\":{\"@type\":\"EntryPoint\",\"urlTemplate\":\"https:\/\/stomatologia-precyzja.pl\/?s={search_term_string}\"},\"query-input\":{\"@type\":\"PropertyValueSpecification\",\"valueRequired\":true,\"valueName\":\"search_term_string\"}}],\"inLanguage\":\"pl-PL\"}]}<\/script>\n<!-- \/ Yoast SEO plugin. -->","yoast_head_json":{"title":"Stomatologia Precyzja Kielce - zamykanie perforacji z\u0119ba","description":"Perforacja z\u0119ba nie musi oznacza\u0107 najgorszego. Obecnie zamykanie perforacji z\u0119ba (dna komory, \u015bciany korzenia) jest zabiegiem z du\u017cym odsetkiem powodzenia.","robots":{"index":"index","follow":"follow","max-snippet":"max-snippet:-1","max-image-preview":"max-image-preview:large","max-video-preview":"max-video-preview:-1"},"canonical":"https:\/\/stomatologia-precyzja.pl\/?page_id=1649","og_locale":"pl_PL","og_type":"article","og_title":"Stomatologia Precyzja Kielce - zamykanie perforacji z\u0119ba","og_description":"Perforacja z\u0119ba nie musi oznacza\u0107 najgorszego. Obecnie zamykanie perforacji z\u0119ba (dna komory, \u015bciany korzenia) jest zabiegiem z du\u017cym odsetkiem powodzenia.","og_url":"https:\/\/stomatologia-precyzja.pl\/?page_id=1649","og_site_name":"Stomatologia Precyzja","article_modified_time":"2023-07-27T11:50:06+00:00","twitter_card":"summary_large_image","schema":{"@context":"https:\/\/schema.org","@graph":[{"@type":"WebPage","@id":"https:\/\/stomatologia-precyzja.pl\/?page_id=1649","url":"https:\/\/stomatologia-precyzja.pl\/?page_id=1649","name":"Stomatologia Precyzja Kielce - zamykanie perforacji z\u0119ba","isPartOf":{"@id":"https:\/\/stomatologia-precyzja.pl\/#website"},"datePublished":"2016-10-12T12:46:26+00:00","dateModified":"2023-07-27T11:50:06+00:00","description":"Perforacja z\u0119ba nie musi oznacza\u0107 najgorszego. Obecnie zamykanie perforacji z\u0119ba (dna komory, \u015bciany korzenia) jest zabiegiem z du\u017cym odsetkiem powodzenia.","breadcrumb":{"@id":"https:\/\/stomatologia-precyzja.pl\/?page_id=1649#breadcrumb"},"inLanguage":"pl-PL","potentialAction":[{"@type":"ReadAction","target":["https:\/\/stomatologia-precyzja.pl\/?page_id=1649"]}]},{"@type":"BreadcrumbList","@id":"https:\/\/stomatologia-precyzja.pl\/?page_id=1649#breadcrumb","itemListElement":[{"@type":"ListItem","position":1,"name":"Strona g\u0142\u00f3wna","item":"https:\/\/stomatologia-precyzja.pl\/"},{"@type":"ListItem","position":2,"name":"Zakres us\u0142ug"}]},{"@type":"WebSite","@id":"https:\/\/stomatologia-precyzja.pl\/#website","url":"https:\/\/stomatologia-precyzja.pl\/","name":"Stomatologia Precyzja","description":"Piotr i Monika Ceynowa","potentialAction":[{"@type":"SearchAction","target":{"@type":"EntryPoint","urlTemplate":"https:\/\/stomatologia-precyzja.pl\/?s={search_term_string}"},"query-input":{"@type":"PropertyValueSpecification","valueRequired":true,"valueName":"search_term_string"}}],"inLanguage":"pl-PL"}]}},"_links":{"self":[{"href":"https:\/\/stomatologia-precyzja.pl\/index.php?rest_route=\/wp\/v2\/pages\/1649"}],"collection":[{"href":"https:\/\/stomatologia-precyzja.pl\/index.php?rest_route=\/wp\/v2\/pages"}],"about":[{"href":"https:\/\/stomatologia-precyzja.pl\/index.php?rest_route=\/wp\/v2\/types\/page"}],"author":[{"embeddable":true,"href":"https:\/\/stomatologia-precyzja.pl\/index.php?rest_route=\/wp\/v2\/users\/1"}],"replies":[{"embeddable":true,"href":"https:\/\/stomatologia-precyzja.pl\/index.php?rest_route=%2Fwp%2Fv2%2Fcomments&post=1649"}],"version-history":[{"count":5,"href":"https:\/\/stomatologia-precyzja.pl\/index.php?rest_route=\/wp\/v2\/pages\/1649\/revisions"}],"predecessor-version":[{"id":2437,"href":"https:\/\/stomatologia-precyzja.pl\/index.php?rest_route=\/wp\/v2\/pages\/1649\/revisions\/2437"}],"wp:attachment":[{"href":"https:\/\/stomatologia-precyzja.pl\/index.php?rest_route=%2Fwp%2Fv2%2Fmedia&parent=1649"}],"curies":[{"name":"wp","href":"https:\/\/api.w.org\/{rel}","templated":true}]}}